{"id":40,"date":"2026-02-04T12:40:47","date_gmt":"2026-02-04T11:40:47","guid":{"rendered":"https:\/\/kafix.pl\/?page_id=40"},"modified":"2026-04-01T12:17:14","modified_gmt":"2026-04-01T10:17:14","slug":"page","status":"publish","type":"page","link":"https:\/\/kafix.pl\/?page_id=40","title":{"rendered":"Dotacje"},"content":{"rendered":"\n<figure class=\"wp-block-image size-large\"><img loading=\"lazy\" decoding=\"async\" width=\"1024\" height=\"108\" src=\"https:\/\/kafix.pl\/wp-content\/uploads\/2026\/04\/FE-SL-kolor-poziom-br-1024x108.png\" alt=\"\" class=\"wp-image-147\" srcset=\"https:\/\/kafix.pl\/wp-content\/uploads\/2026\/04\/FE-SL-kolor-poziom-br-1024x108.png 1024w, https:\/\/kafix.pl\/wp-content\/uploads\/2026\/04\/FE-SL-kolor-poziom-br-300x32.png 300w, https:\/\/kafix.pl\/wp-content\/uploads\/2026\/04\/FE-SL-kolor-poziom-br-768x81.png 768w, https:\/\/kafix.pl\/wp-content\/uploads\/2026\/04\/FE-SL-kolor-poziom-br-1536x162.png 1536w, https:\/\/kafix.pl\/wp-content\/uploads\/2026\/04\/FE-SL-kolor-poziom-br-600x63.png 600w, https:\/\/kafix.pl\/wp-content\/uploads\/2026\/04\/FE-SL-kolor-poziom-br.png 2016w\" sizes=\"auto, (max-width: 1024px) 100vw, 1024px\" \/><\/figure>\n\n\n<p><strong>FUNDUSZE EUROPEJSKIE DLA \u015aL\u0104SKIEGO 2021-2027 (FST)<\/strong><\/p>\n<p><strong>dla Dzia\u0142ania: FESL.10.20 Wsparcie na za\u0142o\u017cenie dzia\u0142alno\u015bci gospodarczej<\/strong><\/p>\n\n<p class=\"isSelectedEnd\"><strong>Tytu\u0142 projektu:<\/strong><br \/>Zielona zmiana \u2013 dotacje na za\u0142o\u017cenie w\u0142asnej firmy (10.20 FESL)<\/p>\n<p class=\"isSelectedEnd\"><strong>Cel projektu:<\/strong><br \/>Celem projektu jest uruchomienie i rozw\u00f3j dzia\u0142alno\u015bci gospodarczej \u015bwiadcz\u0105cej us\u0142ugi naprawy, diagnostyki, konserwacji i regeneracji urz\u0105dze\u0144 elektrycznych, elektronicznych, elektronarz\u0119dzi oraz sprz\u0119tu ogrodniczego, a tak\u017ce \u015bwiadczenie us\u0142ug mobilnego serwisu z dojazdem do klienta. Projekt ma na celu wyd\u0142u\u017cenie cyklu \u017cycia urz\u0105dze\u0144, ograniczenie ilo\u015bci odpad\u00f3w oraz promowanie naprawy i ponownego wykorzystania sprz\u0119tu zamiast jego wymiany na nowy, co przyczynia si\u0119 do ochrony \u015brodowiska i rozwoju gospodarki obiegu zamkni\u0119tego.<\/p>\n<p class=\"isSelectedEnd\"><strong>Grupa docelowa:<\/strong><br \/>Grup\u0119 docelow\u0105 stanowi\u0105 osoby fizyczne, gospodarstwa domowe, firmy, zak\u0142ady us\u0142ugowe, firmy budowlane oraz u\u017cytkownicy sprz\u0119tu ogrodniczego i elektronarz\u0119dzi, kt\u00f3rzy potrzebuj\u0105 us\u0142ug naprawy, konserwacji, diagnostyki lub regeneracji urz\u0105dze\u0144. Us\u0142ugi kierowane s\u0105 w szczeg\u00f3lno\u015bci do klient\u00f3w z regionu, kt\u00f3rzy chc\u0105 naprawi\u0107 sprz\u0119t zamiast kupowa\u0107 nowy, ograniczaj\u0105c w ten spos\u00f3b koszty oraz ilo\u015b\u0107 odpad\u00f3w.<\/p>\n<p class=\"isSelectedEnd\"><strong>Zakres dzia\u0142a\u0144:<\/strong><br \/>W ramach projektu zostanie zakupione wyposa\u017cenie warsztatu, narz\u0119dzia diagnostyczne, sprz\u0119t pomiarowy, urz\u0105dzenia do napraw i regeneracji podzespo\u0142\u00f3w, wyposa\u017cenie stanowiska serwisowego oraz sprz\u0119t umo\u017cliwiaj\u0105cy prowadzenie mobilnego i stacjonarnego serwisu. Dzia\u0142alno\u015b\u0107 b\u0119dzie obejmowa\u0142a napraw\u0119 urz\u0105dze\u0144 elektrycznych i elektronicznych, elektronarz\u0119dzi, sprz\u0119tu ogrodniczego, diagnostyk\u0119 usterek, konserwacj\u0119 urz\u0105dze\u0144, regeneracj\u0119 cz\u0119\u015bci i podzespo\u0142\u00f3w oraz \u015bwiadczenie us\u0142ug serwisu mobilnego z dojazdem do klienta.<\/p>\n<p class=\"isSelectedEnd\"><strong>Efekty i rezultaty projektu:<\/strong><br \/>Rezultatem projektu b\u0119dzie uruchomienie nowej dzia\u0142alno\u015bci gospodarczej oraz zakup wyposa\u017cenia warsztatowego umo\u017cliwiaj\u0105cego \u015bwiadczenie us\u0142ug naprawczych i serwisowych. Efektem projektu b\u0119dzie zwi\u0119kszenie liczby naprawianych urz\u0105dze\u0144, wyd\u0142u\u017cenie czasu u\u017cytkowania sprz\u0119tu, zmniejszenie ilo\u015bci odpad\u00f3w, w szczeg\u00f3lno\u015bci elektroodpad\u00f3w, oraz ograniczenie zu\u017cycia surowc\u00f3w poprzez regeneracj\u0119 i ponowne wykorzystanie cz\u0119\u015bci i urz\u0105dze\u0144.<\/p>\n<p class=\"isSelectedEnd\"><strong>Ca\u0142kowity koszt projektu:<\/strong><br \/>105 500,00 z\u0142<\/p>\n<p><strong>Wysoko\u015b\u0107 dofinansowania UE:<\/strong><br \/>100 000,00 z\u0142<\/p>","protected":false},"excerpt":{"rendered":"<p>FUNDUSZE EUROPEJSKIE DLA \u015aL\u0104SKIEGO 2021-2027 (FST) dla Dzia\u0142ania: FESL.10.20 Wsparcie na za\u0142o\u017cenie dzia\u0142alno\u015bci gospodarczej Tytu\u0142 projektu:Zielona zmiana \u2013 dotacje na za\u0142o\u017cenie w\u0142asnej firmy (10.20 FESL) Cel projektu:Celem projektu jest uruchomienie i rozw\u00f3j dzia\u0142alno\u015bci gospodarczej \u015bwiadcz\u0105cej us\u0142ugi naprawy, diagnostyki, konserwacji i regeneracji urz\u0105dze\u0144 elektrycznych, elektronicznych, elektronarz\u0119dzi oraz sprz\u0119tu ogrodniczego, a tak\u017ce \u015bwiadczenie us\u0142ug mobilnego serwisu z &hellip; <\/p>\n<p class=\"link-more\"><a href=\"https:\/\/kafix.pl\/?page_id=40\" class=\"more-link\">Continue reading<span class=\"screen-reader-text\"> &#8222;Dotacje&#8221;<\/span><\/a><\/p>\n","protected":false},"author":1,"featured_media":0,"parent":0,"menu_order":0,"comment_status":"closed","ping_status":"closed","template":"","meta":{"footnotes":""},"class_list":["post-40","page","type-page","status-publish","hentry"],"_links":{"self":[{"href":"https:\/\/kafix.pl\/index.php?rest_route=\/wp\/v2\/pages\/40","targetHints":{"allow":["GET"]}}],"collection":[{"href":"https:\/\/kafix.pl\/index.php?rest_route=\/wp\/v2\/pages"}],"about":[{"href":"https:\/\/kafix.pl\/index.php?rest_route=\/wp\/v2\/types\/page"}],"author":[{"embeddable":true,"href":"https:\/\/kafix.pl\/index.php?rest_route=\/wp\/v2\/users\/1"}],"replies":[{"embeddable":true,"href":"https:\/\/kafix.pl\/index.php?rest_route=%2Fwp%2Fv2%2Fcomments&post=40"}],"version-history":[{"count":2,"href":"https:\/\/kafix.pl\/index.php?rest_route=\/wp\/v2\/pages\/40\/revisions"}],"predecessor-version":[{"id":158,"href":"https:\/\/kafix.pl\/index.php?rest_route=\/wp\/v2\/pages\/40\/revisions\/158"}],"wp:attachment":[{"href":"https:\/\/kafix.pl\/index.php?rest_route=%2Fwp%2Fv2%2Fmedia&parent=40"}],"curies":[{"name":"wp","href":"https:\/\/api.w.org\/{rel}","templated":true}]}}